{"id":321,"date":"2023-11-10T13:00:05","date_gmt":"2023-11-10T13:00:05","guid":{"rendered":"https:\/\/cuesa.es\/?page_id=321"},"modified":"2023-11-10T13:00:05","modified_gmt":"2023-11-10T13:00:05","slug":"financiacion","status":"publish","type":"page","link":"https:\/\/cuesa.es\/index.php\/financiacion\/","title":{"rendered":"Financiaci\u00f3n"},"content":{"rendered":"<p>Desde CUE, S.A. le ofrecemos distintos tipos de financiaci\u00f3n a trav\u00e9s de la financiera CNH INDUSTRIAL CAPITAL.<\/p>\n<p>Se pueden financiar veh\u00edculos (nuevos o usados), peque\u00f1a maquinaria o incluso reparaciones de taller.<\/p>\n<p class=\"mb-0\">La financiaci\u00f3n est\u00e1 disponible en varias modalidades:<\/p>\n<ul>\n<li>Cr\u00e9dito<\/li>\n<li>Leasing<\/li>\n<li>Renting<\/li>\n<\/ul>\n<p>Para m\u00e1s informaci\u00f3n, no dude en consultarnos o visite la p\u00e1gina web de la financiera:\u00a0<a href=\"https:\/\/www.cnhindustrialcapital.com\/\" target=\"_blank\" rel=\"noopener\">www.cnhindustrialcapital.com<\/a><\/p>\n","protected":false},"excerpt":{"rendered":"<p>Desde CUE, S.A. le ofrecemos distintos tipos de financiaci\u00f3n a trav\u00e9s de la financiera CNH INDUSTRIAL CAPITAL. Se pueden financiar veh\u00edculos (nuevos o usados), peque\u00f1a maquinaria o incluso reparaciones de taller. La financiaci\u00f3n est\u00e1 disponible en varias modalidades: Cr\u00e9dito Leasing Renting Para m\u00e1s informaci\u00f3n, no dude en consultarnos o visite la p\u00e1gina web de la [&hellip;]<\/p>\n","protected":false},"author":1,"featured_media":0,"parent":0,"menu_order":0,"comment_status":"closed","ping_status":"closed","template":"","meta":{"_et_pb_use_builder":"","_et_pb_old_content":"","_et_gb_content_width":"","_exactmetrics_skip_tracking":false,"_exactmetrics_sitenote_active":false,"_exactmetrics_sitenote_note":"","_exactmetrics_sitenote_category":0,"_monsterinsights_skip_tracking":false,"_monsterinsights_sitenote_active":false,"_monsterinsights_sitenote_note":"","_monsterinsights_sitenote_category":0,"footnotes":""},"class_list":["post-321","page","type-page","status-publish","hentry"],"yoast_head":"<!-- This site is optimized with the Yoast SEO plugin v27.5 - https:\/\/yoast.com\/product\/yoast-seo-wordpress\/ -->\n<title>Financiaci\u00f3n - Cuesa<\/title>\n<meta name=\"robots\" content=\"index, follow, max-snippet:-1, max-image-preview:large, max-video-preview:-1\" \/>\n<link rel=\"canonical\" href=\"https:\/\/cuesa.es\/index.php\/financiacion\/\" \/>\n<meta property=\"og:locale\" content=\"es_ES\" \/>\n<meta property=\"og:type\" content=\"article\" \/>\n<meta property=\"og:title\" content=\"Financiaci\u00f3n - Cuesa\" \/>\n<meta property=\"og:description\" content=\"Desde CUE, S.A. le ofrecemos distintos tipos de financiaci\u00f3n a trav\u00e9s de la financiera CNH INDUSTRIAL CAPITAL. Se pueden financiar veh\u00edculos (nuevos o usados), peque\u00f1a maquinaria o incluso reparaciones de taller. La financiaci\u00f3n est\u00e1 disponible en varias modalidades: Cr\u00e9dito Leasing Renting Para m\u00e1s informaci\u00f3n, no dude en consultarnos o visite la p\u00e1gina web de la [&hellip;]\" \/>\n<meta property=\"og:url\" content=\"https:\/\/cuesa.es\/index.php\/financiacion\/\" \/>\n<meta property=\"og:site_name\" content=\"Cuesa\" \/>\n<meta name=\"twitter:card\" content=\"summary_large_image\" \/>\n<meta name=\"twitter:label1\" content=\"Tiempo de lectura\" \/>\n\t<meta name=\"twitter:data1\" content=\"1 minuto\" \/>\n<script type=\"application\/ld+json\" class=\"yoast-schema-graph\">{\"@context\":\"https:\\\/\\\/schema.org\",\"@graph\":[{\"@type\":\"WebPage\",\"@id\":\"https:\\\/\\\/cuesa.es\\\/index.php\\\/financiacion\\\/\",\"url\":\"https:\\\/\\\/cuesa.es\\\/index.php\\\/financiacion\\\/\",\"name\":\"Financiaci\u00f3n - Cuesa\",\"isPartOf\":{\"@id\":\"https:\\\/\\\/cuesa.es\\\/#website\"},\"datePublished\":\"2023-11-10T13:00:05+00:00\",\"breadcrumb\":{\"@id\":\"https:\\\/\\\/cuesa.es\\\/index.php\\\/financiacion\\\/#breadcrumb\"},\"inLanguage\":\"es\",\"potentialAction\":[{\"@type\":\"ReadAction\",\"target\":[\"https:\\\/\\\/cuesa.es\\\/index.php\\\/financiacion\\\/\"]}]},{\"@type\":\"BreadcrumbList\",\"@id\":\"https:\\\/\\\/cuesa.es\\\/index.php\\\/financiacion\\\/#breadcrumb\",\"itemListElement\":[{\"@type\":\"ListItem\",\"position\":1,\"name\":\"Home\",\"item\":\"https:\\\/\\\/cuesa.es\\\/\"},{\"@type\":\"ListItem\",\"position\":2,\"name\":\"Financiaci\u00f3n\"}]},{\"@type\":\"WebSite\",\"@id\":\"https:\\\/\\\/cuesa.es\\\/#website\",\"url\":\"https:\\\/\\\/cuesa.es\\\/\",\"name\":\"Cuesa\",\"description\":\"Tienda de maquinaria\",\"potentialAction\":[{\"@type\":\"SearchAction\",\"target\":{\"@type\":\"EntryPoint\",\"urlTemplate\":\"https:\\\/\\\/cuesa.es\\\/?s={search_term_string}\"},\"query-input\":{\"@type\":\"PropertyValueSpecification\",\"valueRequired\":true,\"valueName\":\"search_term_string\"}}],\"inLanguage\":\"es\"}]}<\/script>\n<!-- \/ Yoast SEO plugin. -->","yoast_head_json":{"title":"Financiaci\u00f3n - Cuesa","robots":{"index":"index","follow":"follow","max-snippet":"max-snippet:-1","max-image-preview":"max-image-preview:large","max-video-preview":"max-video-preview:-1"},"canonical":"https:\/\/cuesa.es\/index.php\/financiacion\/","og_locale":"es_ES","og_type":"article","og_title":"Financiaci\u00f3n - Cuesa","og_description":"Desde CUE, S.A. le ofrecemos distintos tipos de financiaci\u00f3n a trav\u00e9s de la financiera CNH INDUSTRIAL CAPITAL. Se pueden financiar veh\u00edculos (nuevos o usados), peque\u00f1a maquinaria o incluso reparaciones de taller. La financiaci\u00f3n est\u00e1 disponible en varias modalidades: Cr\u00e9dito Leasing Renting Para m\u00e1s informaci\u00f3n, no dude en consultarnos o visite la p\u00e1gina web de la [&hellip;]","og_url":"https:\/\/cuesa.es\/index.php\/financiacion\/","og_site_name":"Cuesa","twitter_card":"summary_large_image","twitter_misc":{"Tiempo de lectura":"1 minuto"},"schema":{"@context":"https:\/\/schema.org","@graph":[{"@type":"WebPage","@id":"https:\/\/cuesa.es\/index.php\/financiacion\/","url":"https:\/\/cuesa.es\/index.php\/financiacion\/","name":"Financiaci\u00f3n - Cuesa","isPartOf":{"@id":"https:\/\/cuesa.es\/#website"},"datePublished":"2023-11-10T13:00:05+00:00","breadcrumb":{"@id":"https:\/\/cuesa.es\/index.php\/financiacion\/#breadcrumb"},"inLanguage":"es","potentialAction":[{"@type":"ReadAction","target":["https:\/\/cuesa.es\/index.php\/financiacion\/"]}]},{"@type":"BreadcrumbList","@id":"https:\/\/cuesa.es\/index.php\/financiacion\/#breadcrumb","itemListElement":[{"@type":"ListItem","position":1,"name":"Home","item":"https:\/\/cuesa.es\/"},{"@type":"ListItem","position":2,"name":"Financiaci\u00f3n"}]},{"@type":"WebSite","@id":"https:\/\/cuesa.es\/#website","url":"https:\/\/cuesa.es\/","name":"Cuesa","description":"Tienda de maquinaria","potentialAction":[{"@type":"SearchAction","target":{"@type":"EntryPoint","urlTemplate":"https:\/\/cuesa.es\/?s={search_term_string}"},"query-input":{"@type":"PropertyValueSpecification","valueRequired":true,"valueName":"search_term_string"}}],"inLanguage":"es"}]}},"_links":{"self":[{"href":"https:\/\/cuesa.es\/index.php\/wp-json\/wp\/v2\/pages\/321","targetHints":{"allow":["GET"]}}],"collection":[{"href":"https:\/\/cuesa.es\/index.php\/wp-json\/wp\/v2\/pages"}],"about":[{"href":"https:\/\/cuesa.es\/index.php\/wp-json\/wp\/v2\/types\/page"}],"author":[{"embeddable":true,"href":"https:\/\/cuesa.es\/index.php\/wp-json\/wp\/v2\/users\/1"}],"replies":[{"embeddable":true,"href":"https:\/\/cuesa.es\/index.php\/wp-json\/wp\/v2\/comments?post=321"}],"version-history":[{"count":1,"href":"https:\/\/cuesa.es\/index.php\/wp-json\/wp\/v2\/pages\/321\/revisions"}],"predecessor-version":[{"id":322,"href":"https:\/\/cuesa.es\/index.php\/wp-json\/wp\/v2\/pages\/321\/revisions\/322"}],"wp:attachment":[{"href":"https:\/\/cuesa.es\/index.php\/wp-json\/wp\/v2\/media?parent=321"}],"curies":[{"name":"wp","href":"https:\/\/api.w.org\/{rel}","templated":true}]}}