{"id":324,"date":"2023-11-10T13:08:37","date_gmt":"2023-11-10T13:08:37","guid":{"rendered":"https:\/\/cuesa.es\/?page_id=324"},"modified":"2023-11-12T13:45:32","modified_gmt":"2023-11-12T13:45:32","slug":"post-venta","status":"publish","type":"page","link":"https:\/\/cuesa.es\/index.php\/post-venta\/","title":{"rendered":"Post-Venta"},"content":{"rendered":"<div class=\"col-md-6 mt-100\">\n<h2>Recambios:<\/h2>\n<p class=\"mb20\"><strong>Recambios originales<\/strong><img loading=\"lazy\" decoding=\"async\" class=\" wp-image-334 alignleft\" src=\"https:\/\/cuesa.es\/wp-content\/uploads\/2023\/11\/cuesa_recambios-150x150.jpg\" alt=\"\" width=\"394\" height=\"394\" \/><\/p>\n<p class=\"mb20\">\n<p>Para tener vuestras m\u00e1quinas en perfectas condiciones, CASE IH ha desarrollado una extensa gama de recambios originales. Estos recambios son los \u00fanicos que cumplen con los requisitos de calidad esenciales para el correcto funcionamiento de los equipos.<\/p>\n<p>Puede consultar toda la disponibilidad de estos productos con nuestro equipo de recambios.<\/p>\n<p>Tenemos un almac\u00e9n con centenares de referencias en stock para atenderlo con la m\u00e1xima rapidez. Y si no tenemos la referencia solicitada, trabajaremos con la m\u00e1xima agilidad y compromiso para reducir los tiempos de espera.<\/p>\n<p>Tambi\u00e9n tenemos a vuestra disposici\u00f3n el programa BDA (asistencia de m\u00e1quina parada). Este programa est\u00e1 activo durante la temporada alta en colaboraci\u00f3n con toda la red de concesionarios para reducir al m\u00ednimo cualquier parada que pueda experimentar el cliente.<\/p>\n<p>La soluci\u00f3n puede venir por un env\u00edo r\u00e1pido de recambios (24\/7) desde cualquier punto de la red, soporte t\u00e9cnico o unidades de cortes\u00eda.<\/p>\n<\/div>\n<div class=\"col-md-12 mb-50\">\n<p>&nbsp;<\/p>\n<p class=\"mb20\"><strong>Remanufacturados<\/strong><\/p>\n<p>Se trata de dar una segunda vida a los componentes. Son piezas reconstruidas para cumplir con la calidad y rendimiento del fabricante. En el proceso de reconstrucci\u00f3n, las piezas son examinadas, se cambian las piezas de desgaste y se prueban conforme a las especificaciones de rendimiento originales.<\/p>\n<p>Cuando escoges REMAN, est\u00e1s escogiendo seguridad y fiabilidad de la marca.<\/p>\n<p class=\"mb-0\">Las ventajas principales de estos recambios son:<\/p>\n<ul>\n<li>precio m\u00e1s reducido que el recambio original (ahorro de hasta un 30%)<\/li>\n<li>2 a\u00f1os de garant\u00eda<\/li>\n<li>rendimiento como nuevo<\/li>\n<li>bajo impacto medioambiental<\/li>\n<\/ul>\n<p class=\"mb20 mt20\"><strong>Accesorios y kits<\/strong><\/p>\n<p>CASE IH trabaja diariamente para desarrollar soluciones para tu m\u00e1quina. Los distintos accesorios se adaptan a las actividades espec\u00edficas y se empaquetan en kits para que los podamos instalar.<\/p>\n<p>Disponemos tambi\u00e9n de material suministrado por proveedores colaboradores de la marca como King Tony, Berner, Granit, Petronas entre otros.<\/p>\n<\/div>\n<p>&nbsp;<\/p>\n<p>&nbsp;<\/p>\n<p><strong>Taller<\/strong><\/p>\n<p>En CUE, S.A. nos esforzamos en ofrecer el mejor servicio a nuestros clientes. Para ello contamos con:<\/p>\n<p>&nbsp;<\/p>\n<ul>\n<li>Taller completamente equipado<\/li>\n<li>Formaci\u00f3n de nuestro personal<\/li>\n<li>Equipos de diagnostico EST<\/li>\n<li>Furgonetas equipadas con el material necesario para desplazamientos y reparaciones de campo.<\/li>\n<\/ul>\n<p>&nbsp;<\/p>\n<p>Consultanos sobre las posibilidades de ampliaci\u00f3n de garant\u00edas y mantenimientos personalizados<\/p>\n","protected":false},"excerpt":{"rendered":"<p>Recambios: Recambios originales Para tener vuestras m\u00e1quinas en perfectas condiciones, CASE IH ha desarrollado una extensa gama de recambios originales. Estos recambios son los \u00fanicos que cumplen con los requisitos de calidad esenciales para el correcto funcionamiento de los equipos. Puede consultar toda la disponibilidad de estos productos con nuestro equipo de recambios. Tenemos un [&hellip;]<\/p>\n","protected":false},"author":1,"featured_media":0,"parent":0,"menu_order":0,"comment_status":"closed","ping_status":"closed","template":"","meta":{"_et_pb_use_builder":"","_et_pb_old_content":"","_et_gb_content_width":"","_exactmetrics_skip_tracking":false,"_exactmetrics_sitenote_active":false,"_exactmetrics_sitenote_note":"","_exactmetrics_sitenote_category":0,"_monsterinsights_skip_tracking":false,"_monsterinsights_sitenote_active":false,"_monsterinsights_sitenote_note":"","_monsterinsights_sitenote_category":0,"footnotes":""},"class_list":["post-324","page","type-page","status-publish","hentry"],"yoast_head":"<!-- This site is optimized with the Yoast SEO plugin v27.3 - https:\/\/yoast.com\/product\/yoast-seo-wordpress\/ -->\n<title>Post-Venta - Cuesa<\/title>\n<meta name=\"robots\" content=\"index, follow, max-snippet:-1, max-image-preview:large, max-video-preview:-1\" \/>\n<link rel=\"canonical\" href=\"https:\/\/cuesa.es\/index.php\/post-venta\/\" \/>\n<meta property=\"og:locale\" content=\"es_ES\" \/>\n<meta property=\"og:type\" content=\"article\" \/>\n<meta property=\"og:title\" content=\"Post-Venta - Cuesa\" \/>\n<meta property=\"og:description\" content=\"Recambios: Recambios originales Para tener vuestras m\u00e1quinas en perfectas condiciones, CASE IH ha desarrollado una extensa gama de recambios originales. Estos recambios son los \u00fanicos que cumplen con los requisitos de calidad esenciales para el correcto funcionamiento de los equipos. Puede consultar toda la disponibilidad de estos productos con nuestro equipo de recambios. Tenemos un [&hellip;]\" \/>\n<meta property=\"og:url\" content=\"https:\/\/cuesa.es\/index.php\/post-venta\/\" \/>\n<meta property=\"og:site_name\" content=\"Cuesa\" \/>\n<meta property=\"article:modified_time\" content=\"2023-11-12T13:45:32+00:00\" \/>\n<meta property=\"og:image\" content=\"https:\/\/cuesa.es\/wp-content\/uploads\/2023\/11\/cuesa_recambios-150x150.jpg\" \/>\n<meta name=\"twitter:card\" content=\"summary_large_image\" \/>\n<meta name=\"twitter:label1\" content=\"Tiempo de lectura\" \/>\n\t<meta name=\"twitter:data1\" content=\"2 minutos\" \/>\n<script type=\"application\/ld+json\" class=\"yoast-schema-graph\">{\"@context\":\"https:\\\/\\\/schema.org\",\"@graph\":[{\"@type\":\"WebPage\",\"@id\":\"https:\\\/\\\/cuesa.es\\\/index.php\\\/post-venta\\\/\",\"url\":\"https:\\\/\\\/cuesa.es\\\/index.php\\\/post-venta\\\/\",\"name\":\"Post-Venta - Cuesa\",\"isPartOf\":{\"@id\":\"https:\\\/\\\/cuesa.es\\\/#website\"},\"primaryImageOfPage\":{\"@id\":\"https:\\\/\\\/cuesa.es\\\/index.php\\\/post-venta\\\/#primaryimage\"},\"image\":{\"@id\":\"https:\\\/\\\/cuesa.es\\\/index.php\\\/post-venta\\\/#primaryimage\"},\"thumbnailUrl\":\"https:\\\/\\\/cuesa.es\\\/wp-content\\\/uploads\\\/2023\\\/11\\\/cuesa_recambios-150x150.jpg\",\"datePublished\":\"2023-11-10T13:08:37+00:00\",\"dateModified\":\"2023-11-12T13:45:32+00:00\",\"breadcrumb\":{\"@id\":\"https:\\\/\\\/cuesa.es\\\/index.php\\\/post-venta\\\/#breadcrumb\"},\"inLanguage\":\"es\",\"potentialAction\":[{\"@type\":\"ReadAction\",\"target\":[\"https:\\\/\\\/cuesa.es\\\/index.php\\\/post-venta\\\/\"]}]},{\"@type\":\"ImageObject\",\"inLanguage\":\"es\",\"@id\":\"https:\\\/\\\/cuesa.es\\\/index.php\\\/post-venta\\\/#primaryimage\",\"url\":\"https:\\\/\\\/cuesa.es\\\/wp-content\\\/uploads\\\/2023\\\/11\\\/cuesa_recambios.jpg\",\"contentUrl\":\"https:\\\/\\\/cuesa.es\\\/wp-content\\\/uploads\\\/2023\\\/11\\\/cuesa_recambios.jpg\",\"width\":900,\"height\":900},{\"@type\":\"BreadcrumbList\",\"@id\":\"https:\\\/\\\/cuesa.es\\\/index.php\\\/post-venta\\\/#breadcrumb\",\"itemListElement\":[{\"@type\":\"ListItem\",\"position\":1,\"name\":\"Home\",\"item\":\"https:\\\/\\\/cuesa.es\\\/\"},{\"@type\":\"ListItem\",\"position\":2,\"name\":\"Post-Venta\"}]},{\"@type\":\"WebSite\",\"@id\":\"https:\\\/\\\/cuesa.es\\\/#website\",\"url\":\"https:\\\/\\\/cuesa.es\\\/\",\"name\":\"Cuesa\",\"description\":\"Tienda de maquinaria\",\"potentialAction\":[{\"@type\":\"SearchAction\",\"target\":{\"@type\":\"EntryPoint\",\"urlTemplate\":\"https:\\\/\\\/cuesa.es\\\/?s={search_term_string}\"},\"query-input\":{\"@type\":\"PropertyValueSpecification\",\"valueRequired\":true,\"valueName\":\"search_term_string\"}}],\"inLanguage\":\"es\"}]}<\/script>\n<!-- \/ Yoast SEO plugin. -->","yoast_head_json":{"title":"Post-Venta - Cuesa","robots":{"index":"index","follow":"follow","max-snippet":"max-snippet:-1","max-image-preview":"max-image-preview:large","max-video-preview":"max-video-preview:-1"},"canonical":"https:\/\/cuesa.es\/index.php\/post-venta\/","og_locale":"es_ES","og_type":"article","og_title":"Post-Venta - Cuesa","og_description":"Recambios: Recambios originales Para tener vuestras m\u00e1quinas en perfectas condiciones, CASE IH ha desarrollado una extensa gama de recambios originales. Estos recambios son los \u00fanicos que cumplen con los requisitos de calidad esenciales para el correcto funcionamiento de los equipos. Puede consultar toda la disponibilidad de estos productos con nuestro equipo de recambios. Tenemos un [&hellip;]","og_url":"https:\/\/cuesa.es\/index.php\/post-venta\/","og_site_name":"Cuesa","article_modified_time":"2023-11-12T13:45:32+00:00","og_image":[{"url":"https:\/\/cuesa.es\/wp-content\/uploads\/2023\/11\/cuesa_recambios-150x150.jpg","type":"","width":"","height":""}],"twitter_card":"summary_large_image","twitter_misc":{"Tiempo de lectura":"2 minutos"},"schema":{"@context":"https:\/\/schema.org","@graph":[{"@type":"WebPage","@id":"https:\/\/cuesa.es\/index.php\/post-venta\/","url":"https:\/\/cuesa.es\/index.php\/post-venta\/","name":"Post-Venta - Cuesa","isPartOf":{"@id":"https:\/\/cuesa.es\/#website"},"primaryImageOfPage":{"@id":"https:\/\/cuesa.es\/index.php\/post-venta\/#primaryimage"},"image":{"@id":"https:\/\/cuesa.es\/index.php\/post-venta\/#primaryimage"},"thumbnailUrl":"https:\/\/cuesa.es\/wp-content\/uploads\/2023\/11\/cuesa_recambios-150x150.jpg","datePublished":"2023-11-10T13:08:37+00:00","dateModified":"2023-11-12T13:45:32+00:00","breadcrumb":{"@id":"https:\/\/cuesa.es\/index.php\/post-venta\/#breadcrumb"},"inLanguage":"es","potentialAction":[{"@type":"ReadAction","target":["https:\/\/cuesa.es\/index.php\/post-venta\/"]}]},{"@type":"ImageObject","inLanguage":"es","@id":"https:\/\/cuesa.es\/index.php\/post-venta\/#primaryimage","url":"https:\/\/cuesa.es\/wp-content\/uploads\/2023\/11\/cuesa_recambios.jpg","contentUrl":"https:\/\/cuesa.es\/wp-content\/uploads\/2023\/11\/cuesa_recambios.jpg","width":900,"height":900},{"@type":"BreadcrumbList","@id":"https:\/\/cuesa.es\/index.php\/post-venta\/#breadcrumb","itemListElement":[{"@type":"ListItem","position":1,"name":"Home","item":"https:\/\/cuesa.es\/"},{"@type":"ListItem","position":2,"name":"Post-Venta"}]},{"@type":"WebSite","@id":"https:\/\/cuesa.es\/#website","url":"https:\/\/cuesa.es\/","name":"Cuesa","description":"Tienda de maquinaria","potentialAction":[{"@type":"SearchAction","target":{"@type":"EntryPoint","urlTemplate":"https:\/\/cuesa.es\/?s={search_term_string}"},"query-input":{"@type":"PropertyValueSpecification","valueRequired":true,"valueName":"search_term_string"}}],"inLanguage":"es"}]}},"_links":{"self":[{"href":"https:\/\/cuesa.es\/index.php\/wp-json\/wp\/v2\/pages\/324","targetHints":{"allow":["GET"]}}],"collection":[{"href":"https:\/\/cuesa.es\/index.php\/wp-json\/wp\/v2\/pages"}],"about":[{"href":"https:\/\/cuesa.es\/index.php\/wp-json\/wp\/v2\/types\/page"}],"author":[{"embeddable":true,"href":"https:\/\/cuesa.es\/index.php\/wp-json\/wp\/v2\/users\/1"}],"replies":[{"embeddable":true,"href":"https:\/\/cuesa.es\/index.php\/wp-json\/wp\/v2\/comments?post=324"}],"version-history":[{"count":4,"href":"https:\/\/cuesa.es\/index.php\/wp-json\/wp\/v2\/pages\/324\/revisions"}],"predecessor-version":[{"id":335,"href":"https:\/\/cuesa.es\/index.php\/wp-json\/wp\/v2\/pages\/324\/revisions\/335"}],"wp:attachment":[{"href":"https:\/\/cuesa.es\/index.php\/wp-json\/wp\/v2\/media?parent=324"}],"curies":[{"name":"wp","href":"https:\/\/api.w.org\/{rel}","templated":true}]}}